{"id":3693,"date":"2025-08-25T14:29:57","date_gmt":"2025-08-25T13:29:57","guid":{"rendered":"https:\/\/aurora-canaria.com\/cookie-policy\/"},"modified":"2025-11-08T23:24:30","modified_gmt":"2025-11-08T23:24:30","slug":"cookie-policy","status":"publish","type":"page","link":"https:\/\/aurora-canaria.com\/?page_id=3693","title":{"rendered":"Cookie Policy"},"content":{"rendered":"<p>Auf dieser Seite finden Sie umfassende Informationen dar\u00fcber, wie wir Cookies auf unserer Website verwenden, um Ihr Browsing-Erlebnis zu verbessern, die Leistung der Website zu optimieren und personalisierte Inhalte bereitzustellen. <br \/>\nCookies sind kleine Textdateien, die auf Ihrem Ger\u00e4t gespeichert werden, wenn Sie unsere Website besuchen. Sie helfen uns zu verstehen, wie Besucher mit unserer Website interagieren, sodass wir Ihnen ein reibungsloses und effizienteres Nutzererlebnis bieten k\u00f6nnen. <br \/>\nIn der folgenden Tabelle finden Sie detaillierte Informationen zu den einzelnen von uns verwendeten Cookie-Typen, ihrem Zweck und ihrer Speicherdauer auf Ihrem Ger\u00e4t. <\/p>\n<p>Wir verpflichten uns, Ihre Privatsph\u00e4re zu respektieren und Transparenz \u00fcber die Daten zu schaffen, die wir durch Cookies sammeln. <br \/>\nWeitere Informationen dar\u00fcber, wie wir mit Ihren personenbezogenen Daten umgehen, finden Sie in unserer <a title=\"Datenschutzerkl\u00e4rung\" href=\"https:\/\/aurora-canaria.com\/contact-us\/impressum\/datenschutzerklaerung\/\" target=\"_blank\" rel=\"noopener\">Datenschutzerkl\u00e4rung<\/a>.<\/p>\n<div class=\"wpconsent-cookie-policy\"><h2 class=\"wpconsent-cookie-category-name\">Essentiell<\/h2><p class=\"wpconsent-cookie-category-description\">Essenzielle Cookies erm\u00f6glichen grundlegende Funktionen und sind f\u00fcr das ordnungsgem\u00e4\u00dfe Funktionieren der Website erforderlich.<\/p><table class=\"wpconsent-cookie-policy-table\"><tr><th>Name<\/th><th>Beschreibung<\/th><th>Dauer<\/th><\/tr><tr><td>wpconsent_preferences<\/td><td>Dieses Cookie wird verwendet, um die Cookie-Einwilligungspr\u00e4ferenzen des Benutzers zu speichern.<\/td><td>30 days<\/td><\/tr><\/table><h3 class=\"wpconsent-cookie-service-name\">Login<\/h3><p class=\"wpconsent-cookie-service-description\">Diese Cookies werden zur Verwaltung der Anmeldefunktionen auf dieser Website verwendet.<\/p><a href=\"https:\/\/aurora-canaria.com\/cookie-policy\/\">Learn more<\/a><table class=\"wpconsent-cookie-policy-table\"><tr><th>Name<\/th><th>Beschreibung<\/th><th>Dauer<\/th><\/tr><tr><td>wordpress_logged_in<\/td><td>Wird verwendet, um angemeldete Benutzer zu speichern.<\/td><td>Beharrlich<\/td><\/tr><tr><td>wordpress_sec<\/td><td>Wird verwendet, um den Benutzer \u00fcber mehrere Sitzungen hinweg zu verfolgen.<\/td><td>15 Tage<\/td><\/tr><tr><td>wordpress_test_cookie<\/td><td>Wird verwendet, um festzustellen, ob Cookies aktiviert sind.<\/td><td>Sitzung<\/td><\/tr><\/table><h2 class=\"wpconsent-cookie-category-name\">Statistiken<\/h2><p class=\"wpconsent-cookie-category-description\">Statistik-Cookies sammeln Informationen anonym. Diese Informationen helfen uns, zu verstehen, wie Besucher unsere Website nutzen.<\/p><h3 class=\"wpconsent-cookie-service-name\">Google Analytics<\/h3><p class=\"wpconsent-cookie-service-description\">Google Analytics is a powerful tool that tracks and analyzes website traffic for informed marketing decisions.<\/p><a href=\"https:\/\/policies.google.com\/privacy\">Learn more<\/a><table class=\"wpconsent-cookie-policy-table\"><tr><th>Name<\/th><th>Beschreibung<\/th><th>Dauer<\/th><\/tr><tr><td>_gac_<\/td><td>Enth\u00e4lt Informationen zu Marketingkampagnen des Nutzers. Diese werden mit Google AdWords \/ Google Ads geteilt, wenn die Google Ads- und Google Analytics-Konten miteinander verkn\u00fcpft sind.<\/td><td>90 Tage<\/td><\/tr><tr><td>__utma<\/td><td>ID zur Identifizierung von Benutzern und Sitzungen<\/td><td>2 Jahre nach der letzten Aktivit\u00e4t<\/td><\/tr><tr><td>__utmt<\/td><td>Wird verwendet, um die Anzahl der Serveranfragen von Google Analytics zu \u00fcberwachen.<\/td><td>10 Minuten<\/td><\/tr><tr><td>__utmb<\/td><td>Wird verwendet, um neue Sitzungen und Besuche zu unterscheiden. Dieses Cookie wird gesetzt, wenn die JavaScript-Bibliothek GA.js geladen wird und kein __utmb-Cookie vorhanden ist. Das Cookie wird jedes Mal aktualisiert, wenn Daten an den Google Analytics-Server gesendet werden.<\/td><td>30 Minuten nach der letzten Aktivit\u00e4t<\/td><\/tr><tr><td>__utmc<\/td><td>Wird nur mit alten Urchin-Versionen von Google Analytics verwendet, nicht mit GA.js. Wurde verwendet, um zwischen neuen Sitzungen und Besuchen am Ende einer Sitzung zu unterscheiden.<\/td><td>Ende der Sitzung (Browser)<\/td><\/tr><tr><td>__utmz<\/td><td>Enth\u00e4lt Informationen \u00fcber die Traffic-Quelle oder Kampagne, die den Nutzer auf die Website geleitet hat. Das Cookie wird gesetzt, wenn das GA.js-Javascript geladen wird, und aktualisiert, wenn Daten an den Google Analytics-Server gesendet werden.<\/td><td>6 Monate nach der letzten Aktivit\u00e4t<\/td><\/tr><tr><td>__utmv<\/td><td>Enth\u00e4lt benutzerdefinierte Informationen, die vom Webentwickler \u00fcber die Methode _setCustomVar in Google Analytics festgelegt wurden. Dieses Cookie wird jedes Mal aktualisiert, wenn neue Daten an den Google Analytics-Server gesendet werden.<\/td><td>2 Jahre nach der letzten Aktivit\u00e4t<\/td><\/tr><tr><td>__utmx<\/td><td>Wird verwendet, um festzustellen, ob ein Benutzer in einem A \/ B- oder multivariaten Test enthalten ist.<\/td><td>18 Monate<\/td><\/tr><tr><td>_ga<\/td><td>ID zur Identifizierung von Benutzern<\/td><td>2 Jahre<\/td><\/tr><tr><td>_gali<\/td><td>Wird von Google Analytics verwendet, um festzustellen, welche Links auf einer Seite angeklickt werden.<\/td><td>30 Sekunden<\/td><\/tr><tr><td>_ga_<\/td><td>ID zur Identifizierung von Benutzern<\/td><td>2 Jahre<\/td><\/tr><tr><td>_gid<\/td><td>ID zur Identifizierung von Benutzern f\u00fcr 24 Stunden nach der letzten Aktivit\u00e4t<\/td><td>24 Stunden<\/td><\/tr><tr><td>_gat<\/td><td>Wird verwendet, um die Anzahl der Google Analytics-Serveranfragen bei Verwendung von Google Tag Manager zu \u00fcberwachen.<\/td><td>1 minute<\/td><\/tr><\/table><h3 class=\"wpconsent-cookie-service-name\">WooCommerce Sourcebuster<\/h3><p class=\"wpconsent-cookie-service-description\">SourceBuster is used by WooCommerce for order attribution based on user source.<\/p><table class=\"wpconsent-cookie-policy-table\"><tr><th>Name<\/th><th>Beschreibung<\/th><th>Dauer<\/th><\/tr><tr><td>sbjs_session<\/td><td>The number of page views in this session and the current page path<\/td><td>30 minutes<\/td><\/tr><tr><td>sbjs_udata<\/td><td>Information about the visitor\u2019s user agent, such as IP, the browser, and the device type<\/td><td>session<\/td><\/tr><tr><td>sbjs_first<\/td><td>Informationen zur Herkunft des Traffics beim ersten Besuch des Besuchers in Ihrem Shop (gilt nur, wenn der Besucher vor Ablauf der Sitzung zur\u00fcckkehrt)<\/td><td>Sitzung<\/td><\/tr><tr><td>sbjs_current<\/td><td>Informationen zur Herkunft des Datenverkehrs f\u00fcr den aktuellen Besuch des Besuchers in Ihrem Gesch\u00e4ft<\/td><td>Sitzung<\/td><\/tr><tr><td>sbjs_first_add<\/td><td>Zeitstempel, verweisende URL und Einstiegsseite f\u00fcr den ersten Besuch Ihres Besuchers in Ihrem Shop (gilt nur, wenn der Besucher vor Ablauf der Sitzung zur\u00fcckkehrt)<\/td><td>Sitzung<\/td><\/tr><tr><td>sbjs_current_add<\/td><td>Zeitstempel, verweisende URL und Einstiegsseite f\u00fcr den aktuellen Besuch Ihres Besuchers in Ihrem Shop<\/td><td>Sitzung<\/td><\/tr><tr><td>sbjs_migrations<\/td><td>Technische Daten zur Unterst\u00fctzung bei der Migration zwischen verschiedenen Versionen der Tracking-Funktion<\/td><td>Sitzung<\/td><\/tr><\/table><\/div>\n","protected":false},"excerpt":{"rendered":"<p>Erfahren Sie, welche Cookies aurora-canaria.com verwendet, wof\u00fcr sie dienen und wie Sie Ihre Einstellungen verwalten k\u00f6nnen. Ihre Privatsph\u00e4re ist uns wichtig.<\/p>\n","protected":false},"author":1,"featured_media":4230,"parent":3619,"menu_order":0,"comment_status":"open","ping_status":"open","template":"","meta":{"content-type":"","_monsterinsights_skip_tracking":false,"_monsterinsights_sitenote_active":true,"_monsterinsights_sitenote_note":"Published: Cookie Policy","_monsterinsights_sitenote_category":27,"_uf_show_specific_survey":0,"_uf_disable_surveys":false,"footnotes":""},"class_list":["post-3693","page","type-page","status-publish","has-post-thumbnail","hentry"],"blocksy_meta":[],"aioseo_notices":[],"_links":{"self":[{"href":"https:\/\/aurora-canaria.com\/index.php?rest_route=\/wp\/v2\/pages\/3693","targetHints":{"allow":["GET"]}}],"collection":[{"href":"https:\/\/aurora-canaria.com\/index.php?rest_route=\/wp\/v2\/pages"}],"about":[{"href":"https:\/\/aurora-canaria.com\/index.php?rest_route=\/wp\/v2\/types\/page"}],"author":[{"embeddable":true,"href":"https:\/\/aurora-canaria.com\/index.php?rest_route=\/wp\/v2\/users\/1"}],"replies":[{"embeddable":true,"href":"https:\/\/aurora-canaria.com\/index.php?rest_route=%2Fwp%2Fv2%2Fcomments&post=3693"}],"version-history":[{"count":5,"href":"https:\/\/aurora-canaria.com\/index.php?rest_route=\/wp\/v2\/pages\/3693\/revisions"}],"predecessor-version":[{"id":4236,"href":"https:\/\/aurora-canaria.com\/index.php?rest_route=\/wp\/v2\/pages\/3693\/revisions\/4236"}],"up":[{"embeddable":true,"href":"https:\/\/aurora-canaria.com\/index.php?rest_route=\/wp\/v2\/pages\/3619"}],"wp:featuredmedia":[{"embeddable":true,"href":"https:\/\/aurora-canaria.com\/index.php?rest_route=\/wp\/v2\/media\/4230"}],"wp:attachment":[{"href":"https:\/\/aurora-canaria.com\/index.php?rest_route=%2Fwp%2Fv2%2Fmedia&parent=3693"}],"curies":[{"name":"wp","href":"https:\/\/api.w.org\/{rel}","templated":true}]}}