{"id":4534,"date":"2025-12-11T14:41:20","date_gmt":"2025-12-11T14:41:20","guid":{"rendered":"https:\/\/aurora-canaria.com\/?page_id=4534"},"modified":"2025-12-11T22:23:42","modified_gmt":"2025-12-11T22:23:42","slug":"token","status":"publish","type":"page","link":"https:\/\/aurora-canaria.com\/?page_id=4534","title":{"rendered":"Token"},"content":{"rendered":"\t\t<div data-elementor-type=\"wp-page\" data-elementor-id=\"4534\" class=\"elementor elementor-4534\">\n\t\t\t\t<div class=\"elementor-element elementor-element-3a66abad e-flex e-con-boxed wpr-particle-no wpr-jarallax-no wpr-parallax-no wpr-sticky-section-no wpr-equal-height-no e-con e-parent\" data-id=\"3a66abad\" data-element_type=\"container\" data-e-type=\"container\">\n\t\t\t\t\t<div class=\"e-con-inner\">\n\t\t\t\t<div class=\"elementor-element elementor-element-2a2a67e3 elementor-arrows-position-inside elementor-pagination-position-outside elementor-widget elementor-widget-image-carousel\" data-id=\"2a2a67e3\" data-element_type=\"widget\" data-e-type=\"widget\" data-settings=\"{&quot;slides_to_show&quot;:&quot;2&quot;,&quot;slides_to_scroll&quot;:&quot;2&quot;,&quot;navigation&quot;:&quot;both&quot;,&quot;autoplay&quot;:&quot;yes&quot;,&quot;pause_on_hover&quot;:&quot;yes&quot;,&quot;pause_on_interaction&quot;:&quot;yes&quot;,&quot;autoplay_speed&quot;:5000,&quot;infinite&quot;:&quot;yes&quot;,&quot;speed&quot;:500}\" data-widget_type=\"image-carousel.default\">\n\t\t\t\t\t\t\t<div class=\"elementor-image-carousel-wrapper swiper\" role=\"region\" aria-roledescription=\"carousel\" aria-label=\"Bild Karussell\" dir=\"ltr\">\n\t\t\t<div class=\"elementor-image-carousel swiper-wrapper\" aria-live=\"off\">\n\t\t\t\t\t\t\t\t<div class=\"swiper-slide\" role=\"group\" aria-roledescription=\"slide\" aria-label=\"1 von 2\"><figure class=\"swiper-slide-inner\"><img decoding=\"async\" class=\"swiper-slide-image\" src=\"https:\/\/aurora-canaria.com\/wp-content\/uploads\/2023\/12\/cropped-Token-AURORA-CANARIA-191_inPixio-e1703085511630-150x150.webp\" alt=\"Gr\u00fcndungsmedaille der deutschsprachigen Loge AURORA CANARIA 191\" \/><\/figure><\/div><div class=\"swiper-slide\" role=\"group\" aria-roledescription=\"slide\" aria-label=\"2 von 2\"><figure class=\"swiper-slide-inner\"><img decoding=\"async\" class=\"swiper-slide-image\" src=\"https:\/\/aurora-canaria.com\/wp-content\/uploads\/2023\/12\/Token-AURORA-CANARIA-191_inPixio-2-150x150.webp\" alt=\"Medaille Vorder- und R\u00fcckseite\" \/><\/figure><\/div>\t\t\t<\/div>\n\t\t\t\t\t\t\t\t\t\t\t\t<div class=\"elementor-swiper-button elementor-swiper-button-prev\" role=\"button\" tabindex=\"0\">\n\t\t\t\t\t\t<svg aria-hidden=\"true\" class=\"e-font-icon-svg e-eicon-chevron-left\" viewBox=\"0 0 1000 1000\" xmlns=\"http:\/\/www.w3.org\/2000\/svg\"><path d=\"M646 125C629 125 613 133 604 142L308 442C296 454 292 471 292 487 292 504 296 521 308 533L604 854C617 867 629 875 646 875 663 875 679 871 692 858 704 846 713 829 713 812 713 796 708 779 692 767L438 487 692 225C700 217 708 204 708 187 708 171 704 154 692 142 675 129 663 125 646 125Z\"><\/path><\/svg>\t\t\t\t\t<\/div>\n\t\t\t\t\t<div class=\"elementor-swiper-button elementor-swiper-button-next\" role=\"button\" tabindex=\"0\">\n\t\t\t\t\t\t<svg aria-hidden=\"true\" class=\"e-font-icon-svg e-eicon-chevron-right\" viewBox=\"0 0 1000 1000\" xmlns=\"http:\/\/www.w3.org\/2000\/svg\"><path d=\"M696 533C708 521 713 504 713 487 713 471 708 454 696 446L400 146C388 133 375 125 354 125 338 125 325 129 313 142 300 154 292 171 292 187 292 204 296 221 308 233L563 492 304 771C292 783 288 800 288 817 288 833 296 850 308 863 321 871 338 875 354 875 371 875 388 867 400 854L696 533Z\"><\/path><\/svg>\t\t\t\t\t<\/div>\n\t\t\t\t\n\t\t\t\t\t\t\t\t\t<div class=\"swiper-pagination\"><\/div>\n\t\t\t\t\t\t\t\t\t<\/div>\n\t\t\t\t\t\t<\/div>\n\t\t\t\t\t<\/div>\n\t\t\t\t<\/div>\n\t\t<div class=\"elementor-element elementor-element-77697bc1 e-flex e-con-boxed wpr-particle-no wpr-jarallax-no wpr-parallax-no wpr-sticky-section-no wpr-equal-height-no e-con e-parent\" data-id=\"77697bc1\" data-element_type=\"container\" data-e-type=\"container\">\n\t\t\t\t\t<div class=\"e-con-inner\">\n\t\t\t\t<div class=\"elementor-element elementor-element-61c67f37 elementor-widget elementor-widget-text-editor\" data-id=\"61c67f37\" data-element_type=\"widget\" data-e-type=\"widget\" data-widget_type=\"text-editor.default\">\n\t\t\t\t\t\t\t\t\t<p>Die Aurora Canaria Loge pr\u00e4sentiert stolz ihr Bijou-Medaille, das durch die Sch\u00f6nheit der Kanarischen Inseln inspiriert ist. Das zentrale Motiv des Bijous ist die aufgehende Sonne, ein Symbol des Neubeginns und der Erleuchtung. Die strahlenden Strahlen der Sonne repr\u00e4sentieren das Streben nach Wissen und spirituellem Wachstum, das die Mitglieder der Loge teilen.<br \/>Die Gestaltung des Bijous integriert auch die Vier Elemente \u2013 Erde, Wasser, Luft und Feuer. Jedes Element ist kunstvoll dargestellt und tr\u00e4gt zur symbolischen Tiefe des Bijous bei. Die Erde steht f\u00fcr Stabilit\u00e4t und Fundament, das Wasser repr\u00e4sentiert die emotionale Tiefe und den Fluss des Lebens, die Luft symbolisiert Intellekt und Kommunikation, w\u00e4hrend das Feuer f\u00fcr Leidenschaft und Transformation steht.<br \/>Diese Elemente sind harmonisch miteinander verbunden und spiegeln die Vielfalt der Natur auf den Kanarischen Inseln wider. Das Bijou der Loge Aurora Canaria wird somit zu einem kraftvollen Symbol, das die Werte der Loge verk\u00f6rpert und die Verbindung zu den einzigartigen Landschaften der Kanarischen Inseln hervorhebt.<\/p>\t\t\t\t\t\t\t\t<\/div>\n\t\t\t\t\t<\/div>\n\t\t\t\t<\/div>\n\t\t<div class=\"elementor-element elementor-element-4378a9f e-flex e-con-boxed wpr-particle-no wpr-jarallax-no wpr-parallax-no wpr-sticky-section-no wpr-equal-height-no e-con e-parent\" data-id=\"4378a9f\" data-element_type=\"container\" data-e-type=\"container\">\n\t\t\t\t\t<div class=\"e-con-inner\">\n\t\t\t\t<div class=\"elementor-element elementor-element-22f6ccde elementor-widget elementor-widget-wpforms\" data-id=\"22f6ccde\" data-element_type=\"widget\" data-e-type=\"widget\" data-widget_type=\"wpforms.default\">\n\t\t\t\t<div class=\"elementor-widget-container\">\n\t\t\t\t\t<style id=\"wpforms-css-vars-elementor-widget-22f6ccde\">\n\t\t\t\t.elementor-widget-wpforms.elementor-element-22f6ccde {\n\t\t\t\t--wpforms-button-border-radius: 15px;\n\t\t\t}\n\t\t\t<\/style><div class=\"wpforms-container wpforms-container-full wpforms-render-modern\" id=\"wpforms-4476\"><form id=\"wpforms-form-4476\" class=\"wpforms-validate wpforms-form wpforms-ajax-form\" data-formid=\"4476\" method=\"post\" enctype=\"multipart\/form-data\" action=\"\/index.php?rest_route=%2Fwp%2Fv2%2Fpages%2F4534\" data-token=\"5995336eb95c046b8b9639197bcb7429\" data-token-time=\"1776386950\"><noscript class=\"wpforms-error-noscript\">Bitte aktiviere JavaScript in deinem Browser, um dieses Formular fertigzustellen.<\/noscript><div id=\"wpforms-error-noscript\" style=\"display: none;\">Bitte aktiviere JavaScript in deinem Browser, um dieses Formular fertigzustellen.<\/div><div class=\"wpforms-field-container\"><div id=\"wpforms-4476-field_6-container\" class=\"wpforms-field wpforms-field-payment-single wpforms-payment-quantities-enabled\" data-field-id=\"6\"><label class=\"wpforms-field-label\">Bijou-Medaille <\/label><div class=\"wpforms-single-item-price-content\"><div class=\"wpforms-single-item-price wpforms-field-medium wpforms-payment-price\">Preis: <span class=\"wpforms-price\">30,00 &euro;<\/span><\/div><select id=\"wpforms-4476-field_6-quantity\" class=\"wpforms-payment-quantity\" name=\"wpforms[quantities][6]\"><option value=\"0\"  selected='selected' >0<\/option><option value=\"1\"  >1<\/option><option value=\"2\"  >2<\/option><option value=\"3\"  >3<\/option><option value=\"4\"  >4<\/option><option value=\"5\"  >5<\/option><option value=\"6\"  >6<\/option><option value=\"7\"  >7<\/option><option value=\"8\"  >8<\/option><option value=\"9\"  >9<\/option><option value=\"10\"  >10<\/option><\/select><\/div><input type=\"hidden\" id=\"wpforms-4476-field_6\" class=\"wpforms-field-medium wpforms-payment-price\" name=\"wpforms[fields][6]\" value=\"30,00 &euro;\"><\/div><div id=\"wpforms-4476-field_7-container\" class=\"wpforms-field wpforms-field-payment-total wpforms-field-medium\" data-field-id=\"7\"><label class=\"wpforms-field-label\">Summe<\/label><div class=\"wpforms-payment-total\" style=\"\">0,00 &euro;<\/div><input type=\"hidden\" id=\"wpforms-4476-field_7\" class=\"wpforms-field-medium wpforms-payment-total\" name=\"wpforms[fields][7]\" value=\"0\"><\/div><div id=\"wpforms-4476-field_8-container\" class=\"wpforms-field wpforms-field-name\" data-field-id=\"8\"><fieldset><legend class=\"wpforms-field-label\">Name <span class=\"wpforms-required-label\" aria-hidden=\"true\">*<\/span><\/legend><div class=\"wpforms-field-row wpforms-field-medium\"><div class=\"wpforms-field-row-block wpforms-first wpforms-one-half\"><input type=\"text\" id=\"wpforms-4476-field_8\" class=\"wpforms-field-name-first wpforms-field-required\" name=\"wpforms[fields][8][first]\" aria-errormessage=\"wpforms-4476-field_8-error\" required><label for=\"wpforms-4476-field_8\" class=\"wpforms-field-sublabel after\">Vorname<\/label><\/div><div class=\"wpforms-field-row-block wpforms-one-half\"><input type=\"text\" id=\"wpforms-4476-field_8-last\" class=\"wpforms-field-name-last wpforms-field-required\" name=\"wpforms[fields][8][last]\" aria-errormessage=\"wpforms-4476-field_8-last-error\" required><label for=\"wpforms-4476-field_8-last\" class=\"wpforms-field-sublabel after\">Nachname<\/label><\/div><\/div><\/fieldset><\/div><div id=\"wpforms-4476-field_9-container\" class=\"wpforms-field wpforms-field-text\" data-field-id=\"9\"><label class=\"wpforms-field-label\" for=\"wpforms-4476-field_9\">Stra\u00dfe \/ Nr. <span class=\"wpforms-required-label\" aria-hidden=\"true\">*<\/span><\/label><input type=\"text\" id=\"wpforms-4476-field_9\" class=\"wpforms-field-medium wpforms-field-required\" name=\"wpforms[fields][9]\" aria-errormessage=\"wpforms-4476-field_9-error\" required><\/div><div id=\"wpforms-4476-field_10-container\" class=\"wpforms-field wpforms-field-text wpforms-one-half wpforms-first\" data-field-id=\"10\"><label class=\"wpforms-field-label\" for=\"wpforms-4476-field_10\">PLZ \/ Ort <span class=\"wpforms-required-label\" aria-hidden=\"true\">*<\/span><\/label><input type=\"text\" id=\"wpforms-4476-field_10\" class=\"wpforms-field-medium wpforms-field-required\" name=\"wpforms[fields][10]\" aria-errormessage=\"wpforms-4476-field_10-error\" required><\/div><div id=\"wpforms-4476-field_11-container\" class=\"wpforms-field wpforms-field-email\" data-field-id=\"11\"><label class=\"wpforms-field-label\" for=\"wpforms-4476-field_11\">E-Mail-Adresse <span class=\"wpforms-required-label\" aria-hidden=\"true\">*<\/span><\/label><input type=\"email\" id=\"wpforms-4476-field_11\" class=\"wpforms-field-medium wpforms-field-required\" name=\"wpforms[fields][11]\" spellcheck=\"false\" aria-errormessage=\"wpforms-4476-field_11-error\" required><\/div><div id=\"wpforms-4476-field_12-container\" class=\"wpforms-field wpforms-field-number\" data-field-id=\"12\"><label class=\"wpforms-field-label\" for=\"wpforms-4476-field_12\">Telefonnummer<\/label><input type=\"number\" id=\"wpforms-4476-field_12\" class=\"wpforms-field-medium\" name=\"wpforms[fields][12]\" step=\"any\" aria-errormessage=\"wpforms-4476-field_12-error\" ><\/div><div id=\"wpforms-4476-field_13-container\" class=\"wpforms-field wpforms-field-text\" data-field-id=\"13\"><label class=\"wpforms-field-label\" for=\"wpforms-4476-field_13\">Datum <span class=\"wpforms-required-label\" aria-hidden=\"true\">*<\/span><\/label><input type=\"text\" id=\"wpforms-4476-field_13\" class=\"wpforms-field-medium wpforms-field-required\" name=\"wpforms[fields][13]\" value=\"04\/17\/2026\" aria-errormessage=\"wpforms-4476-field_13-error\" required><\/div>\t\t<div id=\"wpforms-4476-field_1-container\"\n\t\t\tclass=\"wpforms-field wpforms-field-text\"\n\t\t\tdata-field-type=\"text\"\n\t\t\tdata-field-id=\"1\"\n\t\t\t>\n\t\t\t<label class=\"wpforms-field-label\" for=\"wpforms-4476-field_1\" > Bijou-Medaille Ort<\/label>\n\t\t\t<input type=\"text\" id=\"wpforms-4476-field_1\" class=\"wpforms-field-medium\" name=\"wpforms[fields][1]\" >\n\t\t<\/div>\n\t\t<div id=\"wpforms-4476-field_14-container\" class=\"wpforms-field wpforms-field-select wpforms-field-select-style-classic\" data-field-id=\"14\"><label class=\"wpforms-field-label\" for=\"wpforms-4476-field_14\">Zahlungsart<\/label><select id=\"wpforms-4476-field_14\" class=\"wpforms-field-medium\" name=\"wpforms[fields][14]\"><option value=\"\u00dcberweisung\"  class=\"choice-1 depth-1\"  >\u00dcberweisung<\/option><option value=\"Bar\"  class=\"choice-2 depth-1\"  >Bar<\/option><\/select><div id=\"wpforms-4476-field_14-description\" class=\"wpforms-field-description\">Bankverbindung:\nN26 Bank AG, \nIBAN: DE84 1001 1001 2408 1853 89\nBIC: NTSBDEB1XXX<\/div><\/div><script>\n\t\t\t\t( function() {\n\t\t\t\t\tconst style = document.createElement( 'style' );\n\t\t\t\t\tstyle.appendChild( document.createTextNode( '#wpforms-4476-field_1-container { position: absolute !important; overflow: hidden !important; display: inline !important; height: 1px !important; width: 1px !important; z-index: -1000 !important; padding: 0 !important; } #wpforms-4476-field_1-container input { visibility: hidden; } #wpforms-conversational-form-page #wpforms-4476-field_1-container label { counter-increment: none; }' ) );\n\t\t\t\t\tdocument.head.appendChild( style );\n\t\t\t\t\tdocument.currentScript?.remove();\n\t\t\t\t} )();\n\t\t\t<\/script><\/div><!-- .wpforms-field-container --><div class=\"wpforms-recaptcha-container wpforms-is-hcaptcha\" >\t\t<input\n\t\t\t\ttype=\"hidden\"\n\t\t\t\tclass=\"hcaptcha-widget-id\"\n\t\t\t\tname=\"hcaptcha-widget-id\"\n\t\t\t\tvalue=\"eyJzb3VyY2UiOlsid3Bmb3Jtc1wvd3Bmb3Jtcy5waHAiLCJ3cGZvcm1zLWxpdGVcL3dwZm9ybXMucGhwIl0sImZvcm1faWQiOjQ0NzZ9-25e169170478963f426a7a7474f049ad\">\n\t\t\t\t<h-captcha\n\t\t\tclass=\"h-captcha\"\n\t\t\tdata-sitekey=\"cd487202-712e-4fa9-92ed-0fe0c562afab\"\n\t\t\tdata-theme=\"light\"\n\t\t\tdata-size=\"normal\"\n\t\t\tdata-auto=\"false\"\n\t\t\tdata-ajax=\"false\"\n\t\t\tdata-force=\"false\">\n\t\t<\/h-captcha>\n\t\t<input type=\"hidden\" id=\"hcaptcha_wpforms_nonce\" name=\"hcaptcha_wpforms_nonce\" value=\"cf839d6bc8\" \/><input type=\"hidden\" name=\"_wp_http_referer\" value=\"\/index.php?rest_route=%2Fwp%2Fv2%2Fpages%2F4534\" \/><\/div><div class=\"wpforms-submit-container\" ><input type=\"hidden\" name=\"wpforms[id]\" value=\"4476\"><input type=\"hidden\" name=\"page_title\" value=\"\"><input type=\"hidden\" name=\"page_url\" value=\"https:\/\/aurora-canaria.com\/index.php?rest_route=\/wp\/v2\/pages\/4534\"><input type=\"hidden\" name=\"url_referer\" value=\"\"><button type=\"submit\" name=\"wpforms[submit]\" id=\"wpforms-submit-4476\" class=\"wpforms-submit\" data-alt-text=\"Wird gesendet\u00a0\u2026\" data-submit-text=\"Absenden\" aria-live=\"assertive\" value=\"wpforms-submit\">Absenden<\/button><img decoding=\"async\" src=\"https:\/\/aurora-canaria.com\/wp-content\/plugins\/wpforms-lite\/assets\/images\/submit-spin.svg\" class=\"wpforms-submit-spinner\" style=\"display: none;\" width=\"26\" height=\"26\" alt=\"Wird geladen\"><\/div><\/form><\/div>  <!-- .wpforms-container -->\t\t\t\t<\/div>\n\t\t\t\t<\/div>\n\t\t\t\t\t<\/div>\n\t\t\t\t<\/div>\n\t\t\t\t<\/div>\n\t\t","protected":false},"excerpt":{"rendered":"<p>Die Aurora Canaria Loge pr\u00e4sentiert stolz ihr Bijou-Medaille, das durch die Sch\u00f6nheit der Kanarischen Inseln inspiriert ist. Das zentrale Motiv des Bijous ist die aufgehende Sonne, ein Symbol des Neubeginns und der Erleuchtung. Die strahlenden Strahlen der Sonne repr\u00e4sentieren das Streben nach Wissen und spirituellem Wachstum, das die Mitglieder der Loge teilen.Die Gestaltung des Bijous integriert auch die Vier Elemente \u2013 Erde, Wasser, Luft und Feuer. Jedes Element ist kunstvoll dargestellt und tr\u00e4gt zur symbolischen Tiefe des Bijous bei. Die Erde steht f\u00fcr Stabilit\u00e4t und Fundament, das Wasser repr\u00e4sentiert die emotionale Tiefe und den Fluss des Lebens, die Luft symbolisiert Intellekt und Kommunikation, w\u00e4hrend das Feuer f\u00fcr Leidenschaft und Transformation steht.Diese Elemente sind harmonisch miteinander verbunden und spiegeln die Vielfalt der Natur auf den Kanarischen Inseln wider. Das Bijou der Loge Aurora Canaria wird somit zu einem kraftvollen Symbol, das die Werte der Loge verk\u00f6rpert und die Verbindung zu den einzigartigen Landschaften der Kanarischen Inseln hervorhebt. Bitte aktiviere JavaScript in deinem Browser, um dieses Formular fertigzustellen.Bitte aktiviere JavaScript in deinem Browser, um dieses Formular fertigzustellen.Bijou-Medaille Preis: 30,00 &euro;012345678910Summe0,00 &euro; Name * VornameNachname Stra\u00dfe \/ Nr. *PLZ \/ Ort *E-Mail-Adresse *TelefonnummerDatum *Zahlungsart\u00dcberweisungBarBankverbindung: N26 Bank AG, IBAN: DE84 1001 1001 2408 1853 89 BIC: NTSBDEB1XXX Absenden<\/p>\n","protected":false},"author":2,"featured_media":0,"parent":0,"menu_order":0,"comment_status":"open","ping_status":"closed","template":"elementor_header_footer","meta":{"content-type":"","_monsterinsights_skip_tracking":false,"_monsterinsights_sitenote_active":false,"_monsterinsights_sitenote_note":"","_monsterinsights_sitenote_category":0,"_uf_show_specific_survey":0,"_uf_disable_surveys":false,"footnotes":""},"class_list":["post-4534","page","type-page","status-publish","hentry"],"blocksy_meta":[],"aioseo_notices":[],"_links":{"self":[{"href":"https:\/\/aurora-canaria.com\/index.php?rest_route=\/wp\/v2\/pages\/4534","targetHints":{"allow":["GET"]}}],"collection":[{"href":"https:\/\/aurora-canaria.com\/index.php?rest_route=\/wp\/v2\/pages"}],"about":[{"href":"https:\/\/aurora-canaria.com\/index.php?rest_route=\/wp\/v2\/types\/page"}],"author":[{"embeddable":true,"href":"https:\/\/aurora-canaria.com\/index.php?rest_route=\/wp\/v2\/users\/2"}],"replies":[{"embeddable":true,"href":"https:\/\/aurora-canaria.com\/index.php?rest_route=%2Fwp%2Fv2%2Fcomments&post=4534"}],"version-history":[{"count":7,"href":"https:\/\/aurora-canaria.com\/index.php?rest_route=\/wp\/v2\/pages\/4534\/revisions"}],"predecessor-version":[{"id":4584,"href":"https:\/\/aurora-canaria.com\/index.php?rest_route=\/wp\/v2\/pages\/4534\/revisions\/4584"}],"wp:attachment":[{"href":"https:\/\/aurora-canaria.com\/index.php?rest_route=%2Fwp%2Fv2%2Fmedia&parent=4534"}],"curies":[{"name":"wp","href":"https:\/\/api.w.org\/{rel}","templated":true}]}}